{"id":1961,"date":"2026-02-20T10:46:30","date_gmt":"2026-02-20T10:46:30","guid":{"rendered":"https:\/\/mallorcafootballpark.com\/allgemeine-geschaeftsbedingungen\/"},"modified":"2026-02-26T01:11:51","modified_gmt":"2026-02-26T01:11:51","slug":"allgemeine-geschaeftsbedingungen","status":"publish","type":"page","link":"https:\/\/mallorcafootballpark.com\/de\/allgemeine-geschaeftsbedingungen\/","title":{"rendered":"Allgemeine Gesch\u00e4ftsbedingungen"},"content":{"rendered":"\t\t<div data-elementor-type=\"wp-page\" data-elementor-id=\"1961\" class=\"elementor elementor-1961 elementor-1943\" data-elementor-post-type=\"page\">\n\t\t\t\t<div class=\"elementor-element elementor-element-463993c e-flex e-con-boxed e-con e-parent\" data-id=\"463993c\" data-element_type=\"container\" data-e-type=\"container\" data-settings=\"{&quot;background_background&quot;:&quot;classic&quot;}\">\n\t\t\t\t\t<div class=\"e-con-inner\">\n\t\t<div class=\"elementor-element elementor-element-15f635c e-con-full e-flex e-con e-child\" data-id=\"15f635c\" data-element_type=\"container\" data-e-type=\"container\">\n\t\t<div class=\"elementor-element elementor-element-2114e32 e-con-full e-flex e-con e-child\" data-id=\"2114e32\" data-element_type=\"container\" data-e-type=\"container\">\n\t\t\t\t<div class=\"elementor-element elementor-element-7eee029 elementor-widget elementor-widget-heading\" data-id=\"7eee029\" data-element_type=\"widget\" data-e-type=\"widget\" data-widget_type=\"heading.default\">\n\t\t\t\t\t<h1 class=\"elementor-heading-title elementor-size-default\">Allgemeine Gesch\u00e4ftsbedingungen\n<\/h1>\t\t\t\t<\/div>\n\t\t\t\t<div class=\"elementor-element elementor-element-2c5b2c6 elementor-widget elementor-widget-text-editor\" data-id=\"2c5b2c6\" data-element_type=\"widget\" data-e-type=\"widget\" data-widget_type=\"text-editor.default\">\n\t\t\t\t\t\t\t\t\t<p class=\"p1\">Die Website bietet einen Online-Vertragsservice an, der rund um die Uhr verf\u00fcgbar ist und einfach und direkt ist. Zudem bietet er alle Vorteile eines breiten Katalogs aktueller Dienstleistungen, die von \u00fcberall \u00fcber eine Internetverbindung abrufbar sind.<\/p>\t\t\t\t\t\t\t\t<\/div>\n\t\t\t\t<\/div>\n\t\t<div class=\"elementor-element elementor-element-33c3651 e-con-full e-flex e-con e-child\" data-id=\"33c3651\" data-element_type=\"container\" data-e-type=\"container\">\n\t\t\t\t<div class=\"elementor-element elementor-element-3dd52c9 elementor-widget elementor-widget-heading\" data-id=\"3dd52c9\" data-element_type=\"widget\" data-e-type=\"widget\" data-widget_type=\"heading.default\">\n\t\t\t\t\t<h2 class=\"elementor-heading-title elementor-size-default\">1. Allgemeines\n<\/h2>\t\t\t\t<\/div>\n\t\t\t\t<div class=\"elementor-element elementor-element-ecaa084 elementor-widget elementor-widget-text-editor\" data-id=\"ecaa084\" data-element_type=\"widget\" data-e-type=\"widget\" data-widget_type=\"text-editor.default\">\n\t\t\t\t\t\t\t\t\t<p class=\"p1\">Alle Preise verstehen sich in Euro. Gem\u00e4\u00df den geltenden Bestimmungen unterliegen alle K\u00e4ufe \u00fcber die Website der Mehrwertsteuer (MwSt.), die im Preis enthalten ist. Der Nutzer sieht vor Abschluss des Kaufs eine Aufschl\u00fcsselung der Servicekosten und der MwSt. <\/p><p class=\"p2\">Der Eigent\u00fcmer beh\u00e4lt sich das Recht vor, die Einstellung von Nutzern abzulehnen, mit denen er einen Streit hat oder mit denen es in der Vergangenheit Probleme bei der Bezahlung von Vertr\u00e4gen gab.<\/p>\t\t\t\t\t\t\t\t<\/div>\n\t\t\t\t<\/div>\n\t\t<div class=\"elementor-element elementor-element-b12f040 e-con-full e-flex e-con e-child\" data-id=\"b12f040\" data-element_type=\"container\" data-e-type=\"container\">\n\t\t\t\t<div class=\"elementor-element elementor-element-04686a8 elementor-widget elementor-widget-heading\" data-id=\"04686a8\" data-element_type=\"widget\" data-e-type=\"widget\" data-widget_type=\"heading.default\">\n\t\t\t\t\t<h2 class=\"elementor-heading-title elementor-size-default\">2. Pflichten des Nutzers\n<\/h2>\t\t\t\t<\/div>\n\t\t\t\t<div class=\"elementor-element elementor-element-0be0409 elementor-widget elementor-widget-text-editor\" data-id=\"0be0409\" data-element_type=\"widget\" data-e-type=\"widget\" data-widget_type=\"text-editor.default\">\n\t\t\t\t\t\t\t\t\t<p class=\"p1\">Jeder Nutzer, der \u00fcber diese Website einen Kauf t\u00e4tigt, erkl\u00e4rt, dass er vollj\u00e4hrig und gegebenenfalls voll gesch\u00e4ftsf\u00e4hig ist und \u00fcber ausreichende finanzielle Mittel verf\u00fcgt, um alle durch den Kauf von Dienstleistungen entstehenden Kosten zu decken. Der Nutzer erkl\u00e4rt sich au\u00dferdem damit einverstanden, alle Bedingungen dieses Rechtshinweises uneingeschr\u00e4nkt zu akzeptieren.<\/p><p class=\"p1\">Der Nutzer kann eine oder mehrere Stellenanzeigen \u00fcber die Website aufgeben.<\/p><p class=\"p1\">Der Nutzer verpflichtet sich zu einem angemessenen und respektvollen Umgang mit den ihm zur Verf\u00fcgung gestellten Einrichtungen, Dienstleistungen und Tools. Sofern Reservierungen oder Aktivit\u00e4ten mit einem Ranking- oder Klassifizierungssystem verbunden sind, kann der Nutzer einen Spitznamen oder einen Identifikationsnamen angeben, der in einem privaten oder gesch\u00fctzten Bereich ver\u00f6ffentlicht werden kann. Dieser Spitzname muss jederzeit den Grunds\u00e4tzen von Treu und Glauben entsprechen und darf weder beleidigend, abwertend, diskriminierend, obsz\u00f6n noch rechtswidrig sein oder die Rechte Dritter verletzen.  <\/p><p class=\"p1\">Real Club Deportivo Mallorca S.A.D. beh\u00e4lt sich das Recht vor, jeden Nicknamen, der gegen diese Bedingungen verst\u00f6\u00dft, nach eigenem Ermessen abzulehnen, zu \u00e4ndern oder zu l\u00f6schen, ohne dass daraus ein Anspruch auf Entsch\u00e4digung entsteht. Der Nutzer tr\u00e4gt die alleinige Verantwortung f\u00fcr den angegebenen Nicknamen. <\/p><p class=\"p1\">F\u00fcr den Zugriff auf die Rangliste ist die Angabe einer E-Mail-Adresse bei der Buchung erforderlich. Der Buchende garantiert, dass die angegebene E-Mail-Adresse korrekt und g\u00fcltig ist und mit seiner Autorisierung verwendet wird. Er tr\u00e4gt die alleinige Verantwortung f\u00fcr deren Richtigkeit und Verwendung. Real Club Deportivo Mallorca S.A.D. \u00fcbernimmt keine Haftung f\u00fcr die Eingabe fehlerhafter, nicht autorisierter oder fremder E-Mail-Adressen.  <\/p>\t\t\t\t\t\t\t\t<\/div>\n\t\t\t\t<\/div>\n\t\t<div class=\"elementor-element elementor-element-ed9e5c4 e-con-full e-flex e-con e-child\" data-id=\"ed9e5c4\" data-element_type=\"container\" data-e-type=\"container\">\n\t\t\t\t<div class=\"elementor-element elementor-element-107a501 elementor-widget elementor-widget-heading\" data-id=\"107a501\" data-element_type=\"widget\" data-e-type=\"widget\" data-widget_type=\"heading.default\">\n\t\t\t\t\t<h2 class=\"elementor-heading-title elementor-size-default\">3. Zahlungsmethoden und Sicherheit \n<\/h2>\t\t\t\t<\/div>\n\t\t\t\t<div class=\"elementor-element elementor-element-0bb598c elementor-widget elementor-widget-text-editor\" data-id=\"0bb598c\" data-element_type=\"widget\" data-e-type=\"widget\" data-widget_type=\"text-editor.default\">\n\t\t\t\t\t\t\t\t\t<p class=\"p1\">Gem\u00e4\u00df der Delegierten Verordnung (EU) 2018\/389 der Kommission vom 27. November 2017 zur Erg\u00e4nzung der Richtlinie (EU) 2015\/2366 des Europ\u00e4ischen Parlaments und des Rates vom 25. November 2015 \u00fcber Zahlungsdienste im Binnenmarkt m\u00fcssen Nutzer, die Online-Zahlungen t\u00e4tigen, eine starke Kundenauthentifizierung verwenden. Abh\u00e4ngig von der gew\u00e4hlten Zahlungsmethode und dem Zahlungsbetrag sowie vorbehaltlich der in der Richtlinie vorgesehenen Ausnahmen kann es erforderlich sein, vor der Bestellung einen zweiten Authentifizierungsfaktor anzugeben, beispielsweise eine PIN, die dem Nutzer per SMS zugesendet wird und zur Best\u00e4tigung des Kaufs eingegeben werden muss. <\/p><p class=\"p2\">Gem\u00e4\u00df der PSD2-Richtlinie liegt eine starke Kundenauthentifizierung vor, wenn mindestens zwei der folgenden Elemente zur Authentifizierung verwendet werden:<\/p><ul class=\"ul1\"><li class=\"li2\">Wissen (etwas, das nur der Benutzer wei\u00df, z. B. Passwort, PIN-Code, Anmeldedaten usw.)<\/li><li class=\"li2\">Besitz (etwas, das nur der Nutzer besitzt, beispielsweise ein Mobiltelefon, auf dem eine SMS zur Best\u00e4tigung der Transaktion eingeht, eine E-Mail-Adresse usw.).<\/li><li class=\"li2\">Inh\u00e4renz (etwas, das der Benutzer ist, zum Beispiel die M\u00f6glichkeit der biometrischen Verifizierung, sei es per Fingerabdruck, Gesichtserkennung usw.)<\/li><\/ul><p class=\"p2\">Diese Elemente sind voneinander unabh\u00e4ngig. Das hei\u00dft, eine Sicherheitsl\u00fccke in einem Element beeintr\u00e4chtigt nicht die Zuverl\u00e4ssigkeit der anderen, und die Vertraulichkeit personenbezogener Daten ist stets gewahrt. <\/p><p class=\"p3\">Um dem Nutzer entgegenzukommen, bieten wir verschiedene Zahlungsmethoden an:<\/p><p class=\"p3\">1) Kreditkarte.<\/p><p class=\"p3\">&#8211; Diese Zahlungsmethode ist sofort verf\u00fcgbar, absolut sicher und wird von den sicheren Servern von Redsys am Zahlungsportal verifiziert. Ihre Kreditkartendaten werden niemals weitergegeben. <\/p><p class=\"p3\">&#8211; Akzeptierte Karten sind: VISA, Mastercard, Maestro, American Express (AMEX), Diners Club International, Discover, JCB, RuPay.<\/p><p class=\"p3\">&#8211; Um jegliches Risiko oder Betrug auszuschlie\u00dfen, werden ausschlie\u00dflich sichere Kreditkarten akzeptiert. Sichere Karten verf\u00fcgen \u00fcber zugeh\u00f6rige Sicherheitscodes. Nach Abschluss der Zahlung werden Sie zum Zahlungsportal Ihrer Bank weitergeleitet, wo Sie diese Codes eingeben m\u00fcssen. Sollten Sie keine sichere Karte f\u00fcr Online-Zahlungen besitzen, stellt Ihnen Ihre Bank die erforderlichen Informationen und Codes zur Verf\u00fcgung.  <\/p><p class=\"p3\">Bei Fragen zu den Zahlungsmethoden wenden Sie sich bitte an unseren Kundenservice.<\/p><p class=\"p3\">2) Apple Pay<\/p><p class=\"p3\">&#8211; Mit Apple Pay k\u00f6nnen Sie mit Ihrem iPhone, iPad, Ihrer Apple Watch oder Ihrem Mac einkaufen. Bei jedem Kauf verwendet Apple Pay eine ger\u00e4tespezifische Nummer und einen eindeutigen Transaktionscode. Ihre Bankkartennummer wird daher weder auf Ihrem Ger\u00e4t noch auf den Servern des Karteninhabers gespeichert, und Apple gibt sie niemals an H\u00e4ndler weiter.  <\/p><p class=\"p3\">&#8211; Apple Pay nutzt die Zwei-Faktor-Authentifizierung per Face ID oder Touch ID. Das bedeutet, dass Sie K\u00e4ufe nicht mit Codes, Sicherheitsfragen oder Passw\u00f6rtern best\u00e4tigen m\u00fcssen. <\/p><p class=\"p3\">3) Google Pay<\/p><p class=\"p3\">&#8211; Google Pay ist eine von Google entwickelte Plattform f\u00fcr die Nutzung in Zahlungssystemen von Mobilger\u00e4ten aus, die Nutzern die M\u00f6glichkeit bietet, Zahlungen mit Android-Ger\u00e4ten, Tablets oder Smartwatches durchzuf\u00fchren.<\/p><p class=\"p3\">&#8211; Zum Bezahlen muss das Smartphone NFC (Near Field Communication) und HCE (Host Card Emulation) unterst\u00fctzen. Nutzer k\u00f6nnen Zahlungskarten hinzuf\u00fcgen, indem sie ein Foto der Karte machen oder die Karteninformationen manuell eingeben. <\/p><p class=\"p3\">&#8211; Google Pay verwendet starke Sicherheitsma\u00dfnahmen, die Ihr Konto und Ihre pers\u00f6nlichen Daten kontinuierlich und automatisch vor jeglichen Bedrohungen sch\u00fctzen.<\/p>\t\t\t\t\t\t\t\t<\/div>\n\t\t\t\t<\/div>\n\t\t<div class=\"elementor-element elementor-element-9b72baa e-con-full e-flex e-con e-child\" data-id=\"9b72baa\" data-element_type=\"container\" data-e-type=\"container\">\n\t\t\t\t<div class=\"elementor-element elementor-element-5bfae85 elementor-widget elementor-widget-heading\" data-id=\"5bfae85\" data-element_type=\"widget\" data-e-type=\"widget\" data-widget_type=\"heading.default\">\n\t\t\t\t\t<h2 class=\"elementor-heading-title elementor-size-default\">4. Widerrufsrecht <\/h2>\t\t\t\t<\/div>\n\t\t\t\t<div class=\"elementor-element elementor-element-de0f1a3 elementor-widget elementor-widget-text-editor\" data-id=\"de0f1a3\" data-element_type=\"widget\" data-e-type=\"widget\" data-widget_type=\"text-editor.default\">\n\t\t\t\t\t\t\t\t\t<ul><li><p class=\"p1\">Gem\u00e4\u00df Gesetz 3\/2014 vom 27. M\u00e4rz, mit dem der konsolidierte Text des Allgemeinen Gesetzes zum Schutz der Verbraucher und Nutzer sowie anderer erg\u00e4nzender Gesetze, die durch K\u00f6nigliches Gesetzesdekret 1\/2007 vom 16. November genehmigt wurden, ge\u00e4ndert wird, werden Informationen \u00fcber das Widerrufsrecht des Nutzers bereitgestellt.<\/p><p class=\"p1\">4.1 Ist der Nutzer ein Verbraucher und kommt der Vertrag ohne gleichzeitige physische Anwesenheit des Nutzers und des Inhabers zustande (Fernabsatz), so steht dem Nutzer das in diesem Abschnitt beschriebene Widerrufsrecht zu, vorbehaltlich der in Artikel 103 vorgesehenen Ausnahmen.<\/p><p class=\"p1\">4.2 Information des Verbrauchers und Nutzers \u00fcber sein Widerrufsrecht.<\/p><p class=\"p1\">a) Der Nutzer hat das Recht, innerhalb von 14 Kalendertagen ohne Angabe von Gr\u00fcnden von diesem Vertrag zur\u00fcckzutreten.<\/p><p class=\"p1\">b) Die Widerrufsfrist betr\u00e4gt 14 Kalendertage ab dem Tag des Vertragsschlusses.<\/p><p class=\"p1\">c) Um Ihr Widerrufsrecht auszu\u00fcben, m\u00fcssen Sie uns Ihren Entschluss, diesen Vertrag zu widerrufen, mittels einer eindeutigen Erkl\u00e4rung (z. B. per Post oder E-Mail) mitteilen. Sie k\u00f6nnen daf\u00fcr das untenstehende Muster-Widerrufsformular verwenden, dies ist jedoch nicht verpflichtend.<\/p><p class=\"p1\">d) Zur Wahrung der Widerrufsfrist gen\u00fcgt es, wenn Sie Ihre Mitteilung \u00fcber die Aus\u00fcbung dieses Rechts vor Ablauf der Widerrufsfrist absenden.<\/p><p class=\"p1\">e) Im Falle eines Widerrufs durch den Nutzer wird der Inhaber alle erhaltenen Zahlungen unverz\u00fcglich und in jedem Fall sp\u00e4testens 14 Kalendertage ab dem Tag, an dem wir \u00fcber den Widerruf dieses Vertrags informiert wurden, zur\u00fcckerstatten.<\/p><p class=\"p2\">&#8211; &#8211; &#8211; &#8211; &#8211; &#8211; &#8211; &#8211; &#8211; &#8211; &#8211; &#8211; &#8211; &#8211; &#8211; &#8211; &#8211; &#8211; &#8211; &#8211; &#8211; &#8211; &#8211; &#8211; &#8211; &#8211; &#8211;<\/p><p class=\"p2\">FORMULARVORLAGE:<\/p><p class=\"p2\">&#8211; Zu H\u00e4nden des Eigent\u00fcmers: Real Club Deportivo Mallorca S.A.D.; C\/ Cam\u00ed dels Reis s\/n, Palma de Mallorca; <a href=\"mailto:mallorcafootballpark@rcdmallorca.es\">mallorcafootballpark@rcdmallorca.es<\/a><\/p><p class=\"p2\">&#8211; Hiermit teile ich Ihnen mit, dass ich vom Vertrag \u00fcber die Erbringung der folgenden Dienstleistung zur\u00fccktrete:<\/p><p class=\"p2\">&#8211; Eingestellt am:<\/p><p class=\"p2\">&#8211; Benutzername:<\/p><p class=\"p2\">&#8211; Adresse des Benutzers:<\/p><p class=\"p2\">&#8211; Unterschrift (nur wenn dieses Formular in Papierform eingereicht wird):<\/p><p class=\"p2\">&#8211; Datum:<\/p><p class=\"p2\">&#8211; &#8211; &#8211; &#8211; &#8211; &#8211; &#8211; &#8211; &#8211; &#8211; &#8211; &#8211; &#8211; &#8211; &#8211; &#8211; &#8211; &#8211; &#8211; &#8211; &#8211; &#8211; &#8211; &#8211; &#8211; &#8211; &#8211;<\/p><p class=\"p2\">4.3 Der Nutzer kann das obige Formular an folgende Adressen senden:<\/p><p class=\"p2\">Post: C\/ Cam\u00ed dels Reis s\/n, Palma de Mallorca<\/p><p class=\"p3\"><span class=\"s2\">E-Mail: <a href=\"mailto:mallorcafootballpark@rcdmallorca.es\">mallorcafootballpark@rcdmallorca.es<\/a><\/span><\/p><p class=\"p1\">4.4 Gem\u00e4\u00df Artikel 103 des Gesetzes 3\/2014 vom 27. M\u00e4rz, mit dem der konsolidierte Text des Allgemeinen Gesetzes zum Schutz der Verbraucher und Nutzer sowie anderer erg\u00e4nzender Gesetze, die durch das K\u00f6nigliche Gesetzesdekret 1\/2007 vom 16. November genehmigt wurden, ge\u00e4ndert wurde, besteht kein Widerrufsrecht f\u00fcr Vertr\u00e4ge, die sich unter anderem auf Folgendes beziehen:<\/p><p class=\"p1\">a) Die Erbringung von Dienstleistungen, sobald die Dienstleistung vollst\u00e4ndig erbracht wurde, sobald die Ausf\u00fchrung begonnen hat, mit der vorherigen ausdr\u00fccklichen Zustimmung des Verbrauchers und Nutzers und mit der Best\u00e4tigung seinerseits, dass er sich dar\u00fcber im Klaren ist, dass er nach vollst\u00e4ndiger Erf\u00fcllung des Vertrags durch den Unternehmer sein Widerrufsrecht verliert.<\/p><p class=\"p1\">In Bezug auf diesen Abschnitt erkl\u00e4rt der Nutzer mit seiner Bestellung sein vorheriges ausdr\u00fcckliches Einverst\u00e4ndnis, wobei er die hierin enthaltenen Ausnahmen kennt und akzeptiert und in diesen F\u00e4llen folglich sein Widerrufsrecht verliert.<\/p><\/li><\/ul>\t\t\t\t\t\t\t\t<\/div>\n\t\t\t\t<\/div>\n\t\t<div class=\"elementor-element elementor-element-29a6139 e-con-full e-flex e-con e-child\" data-id=\"29a6139\" data-element_type=\"container\" data-e-type=\"container\">\n\t\t\t\t<div class=\"elementor-element elementor-element-18dc958 elementor-widget elementor-widget-heading\" data-id=\"18dc958\" data-element_type=\"widget\" data-e-type=\"widget\" data-widget_type=\"heading.default\">\n\t\t\t\t\t<h2 class=\"elementor-heading-title elementor-size-default\">5. \u00c4nderungen und Stornierungen<\/h2>\t\t\t\t<\/div>\n\t\t\t\t<div class=\"elementor-element elementor-element-afba197 elementor-widget elementor-widget-text-editor\" data-id=\"afba197\" data-element_type=\"widget\" data-e-type=\"widget\" data-widget_type=\"text-editor.default\">\n\t\t\t\t\t\t\t\t\t<p class=\"p1\">Im Falle des Service \u201eIndividuelles Erlebnis\u201c ist eine einmalige Termin\u00e4nderung zul\u00e4ssig, vorausgesetzt, dass<span class=\"Apple-converted-space\">  <\/span>Die Neubuchung muss innerhalb von 7 Tagen nach dem urspr\u00fcnglich gebuchten Datum erfolgen und ist abh\u00e4ngig von der Verf\u00fcgbarkeit. Diese \u00c4nderung berechtigt den Kunden unter keinen Umst\u00e4nden zu einer R\u00fcckerstattung. <\/p><p class=\"p1\">Hinsichtlich der anderen angebotenen Erlebnisse sind aufgrund ihrer individuellen Gestaltung und der f\u00fcr ihre Durchf\u00fchrung notwendigen Vorplanung Stornierungen mit R\u00fcckerstattung des gezahlten Betrags oder \u00c4nderungen bzw. Verschiebungen von Datum oder Uhrzeit nach Best\u00e4tigung der Reservierung nicht m\u00f6glich.<\/p><p class=\"p1\">Der Antrag auf \u00c4nderung muss schriftlich \u00fcber die von Real Club Deportivo Mallorca S.A.D. bereitgestellten Kan\u00e4le gestellt werden.<\/p><p class=\"p1\">Mit der Vornahme einer Reservierung werden diese Bedingungen ausdr\u00fccklich akzeptiert.<\/p>\t\t\t\t\t\t\t\t<\/div>\n\t\t\t\t<\/div>\n\t\t<div class=\"elementor-element elementor-element-5e8857a e-con-full e-flex e-con e-child\" data-id=\"5e8857a\" data-element_type=\"container\" data-e-type=\"container\">\n\t\t\t\t<div class=\"elementor-element elementor-element-bf9521e elementor-widget elementor-widget-heading\" data-id=\"bf9521e\" data-element_type=\"widget\" data-e-type=\"widget\" data-widget_type=\"heading.default\">\n\t\t\t\t\t<h2 class=\"elementor-heading-title elementor-size-default\">6. Verf\u00fcgbarkeit\n<\/h2>\t\t\t\t<\/div>\n\t\t\t\t<div class=\"elementor-element elementor-element-9280fc9 elementor-widget elementor-widget-text-editor\" data-id=\"9280fc9\" data-element_type=\"widget\" data-e-type=\"widget\" data-widget_type=\"text-editor.default\">\n\t\t\t\t\t\t\t\t\t<p class=\"p1\">Der Eigent\u00fcmer verpflichtet sich, Nutzern keine Dienste zur Verf\u00fcgung zu stellen, die nicht verf\u00fcgbar sind, es sei denn im Falle eines Computerfehlers oder eines anderen unvorhergesehenen Ereignisses. Im Falle eines solchen Vorfalls verpflichtet sich der Eigent\u00fcmer, den Nutzer zu informieren und eine zufriedenstellende Vereinbarung mit ihm zu treffen. <\/p>\t\t\t\t\t\t\t\t<\/div>\n\t\t\t\t<\/div>\n\t\t<div class=\"elementor-element elementor-element-2915654 e-con-full e-flex e-con e-child\" data-id=\"2915654\" data-element_type=\"container\" data-e-type=\"container\">\n\t\t\t\t<div class=\"elementor-element elementor-element-1a11a31 elementor-widget elementor-widget-heading\" data-id=\"1a11a31\" data-element_type=\"widget\" data-e-type=\"widget\" data-widget_type=\"heading.default\">\n\t\t\t\t\t<h2 class=\"elementor-heading-title elementor-size-default\">7. Kundenservice\n<\/h2>\t\t\t\t<\/div>\n\t\t\t\t<div class=\"elementor-element elementor-element-873928e elementor-widget elementor-widget-text-editor\" data-id=\"873928e\" data-element_type=\"widget\" data-e-type=\"widget\" data-widget_type=\"text-editor.default\">\n\t\t\t\t\t\t\t\t\t<p class=\"p1\">Der Nutzer hat Zugang zu einem Kundenservice, der per E-Mail an <a href=\"mailto:mallorcafootballpark@rcdmallorca.es\">mallorcafootballpark@rcdmallorca.es<\/a> oder telefonisch unter +34 629 581 256 w\u00e4hrend der Gesch\u00e4ftszeiten erreichbar ist. Sie erhalten schnellstm\u00f6glich eine Antwort, in jedem Fall jedoch innerhalb der gesetzlich vorgeschriebenen Frist. <\/p>\t\t\t\t\t\t\t\t<\/div>\n\t\t\t\t<\/div>\n\t\t<div class=\"elementor-element elementor-element-9870f5a e-con-full e-flex e-con e-child\" data-id=\"9870f5a\" data-element_type=\"container\" data-e-type=\"container\">\n\t\t\t\t<div class=\"elementor-element elementor-element-941ecf1 elementor-widget elementor-widget-heading\" data-id=\"941ecf1\" data-element_type=\"widget\" data-e-type=\"widget\" data-widget_type=\"heading.default\">\n\t\t\t\t\t<h2 class=\"elementor-heading-title elementor-size-default\">8. Streitbeilegung<\/h2>\t\t\t\t<\/div>\n\t\t\t\t<div class=\"elementor-element elementor-element-e0692a4 elementor-widget elementor-widget-text-editor\" data-id=\"e0692a4\" data-element_type=\"widget\" data-e-type=\"widget\" data-widget_type=\"text-editor.default\">\n\t\t\t\t\t\t\t\t\t<p class=\"p1\">Im Falle einer Streitigkeit zwischen dem Verbraucher und dem Verk\u00e4ufer kann der Verbraucher gem\u00e4\u00df den nationalen Rechtsvorschriften alternative Streitbeilegungsmechanismen in Anspruch nehmen.<\/p><p class=\"p1\">In Spanien k\u00f6nnen Sie Ihre Beschwerde beim Verbraucherschlichtungssystem einreichen, das kostenlos und freiwillig ist.<\/p><p class=\"p1\">In der Europ\u00e4ischen Union k\u00f6nnen Sie bei grenz\u00fcberschreitenden <a href=\"https:\/\/commission.europa.eu\/live-work-travel-eu\/consumer-rights-and-complaints\/resolve-your-consumer-complaint\/european-consumer-centres-network-ecc-net_es\" target=\"_blank\" rel=\"noopener\">Anspr\u00fcchen kostenlose Beratung und Unterst\u00fctzung vom Europ\u00e4ischen Verbraucherzentrumsnetzwerk (ECC-Net) anfordern.<\/a><\/p>\t\t\t\t\t\t\t\t<\/div>\n\t\t\t\t<\/div>\n\t\t\t\t<\/div>\n\t\t\t\t\t<\/div>\n\t\t\t\t<\/div>\n\t\t\t\t<\/div>\n\t\t","protected":false},"excerpt":{"rendered":"<p>Allgemeine Gesch\u00e4ftsbedingungen Die Website bietet einen Online-Vertragsservice an, der rund um die Uhr verf\u00fcgbar ist und einfach und direkt ist. Zudem bietet er alle Vorteile eines breiten Katalogs aktueller Dienstleistungen, die von \u00fcberall \u00fcber eine Internetverbindung abrufbar sind. 1. Allgemeines Alle Preise verstehen sich in Euro. Gem\u00e4\u00df den geltenden Bestimmungen unterliegen alle K\u00e4ufe \u00fcber die [&hellip;]<\/p>\n","protected":false},"author":1,"featured_media":0,"parent":0,"menu_order":0,"comment_status":"closed","ping_status":"closed","template":"elementor_header_footer","meta":{"footnotes":""},"class_list":["post-1961","page","type-page","status-publish","hentry"],"_links":{"self":[{"href":"https:\/\/mallorcafootballpark.com\/de\/wp-json\/wp\/v2\/pages\/1961","targetHints":{"allow":["GET"]}}],"collection":[{"href":"https:\/\/mallorcafootballpark.com\/de\/wp-json\/wp\/v2\/pages"}],"about":[{"href":"https:\/\/mallorcafootballpark.com\/de\/wp-json\/wp\/v2\/types\/page"}],"author":[{"embeddable":true,"href":"https:\/\/mallorcafootballpark.com\/de\/wp-json\/wp\/v2\/users\/1"}],"replies":[{"embeddable":true,"href":"https:\/\/mallorcafootballpark.com\/de\/wp-json\/wp\/v2\/comments?post=1961"}],"version-history":[{"count":3,"href":"https:\/\/mallorcafootballpark.com\/de\/wp-json\/wp\/v2\/pages\/1961\/revisions"}],"predecessor-version":[{"id":2353,"href":"https:\/\/mallorcafootballpark.com\/de\/wp-json\/wp\/v2\/pages\/1961\/revisions\/2353"}],"wp:attachment":[{"href":"https:\/\/mallorcafootballpark.com\/de\/wp-json\/wp\/v2\/media?parent=1961"}],"curies":[{"name":"wp","href":"https:\/\/api.w.org\/{rel}","templated":true}]}}