{"id":1015,"date":"2025-12-01T18:56:13","date_gmt":"2025-12-01T18:56:13","guid":{"rendered":"https:\/\/mallorcafootballpark.com\/datenschutzrichtlinie\/"},"modified":"2026-02-26T01:25:10","modified_gmt":"2026-02-26T01:25:10","slug":"datenschutzrichtlinie","status":"publish","type":"page","link":"https:\/\/mallorcafootballpark.com\/de\/datenschutzrichtlinie\/","title":{"rendered":"Datenschutzrichtlinie"},"content":{"rendered":"\t\t<div data-elementor-type=\"wp-page\" data-elementor-id=\"1015\" class=\"elementor elementor-1015 elementor-44\" data-elementor-post-type=\"page\">\n\t\t\t\t<div class=\"elementor-element elementor-element-2c2bd50 e-flex e-con-boxed e-con e-parent\" data-id=\"2c2bd50\" data-element_type=\"container\" data-e-type=\"container\" data-settings=\"{&quot;background_background&quot;:&quot;classic&quot;}\">\n\t\t\t\t\t<div class=\"e-con-inner\">\n\t\t<div class=\"elementor-element elementor-element-bbea18b e-con-full e-flex e-con e-child\" data-id=\"bbea18b\" data-element_type=\"container\" data-e-type=\"container\">\n\t\t<div class=\"elementor-element elementor-element-256271b e-con-full e-flex e-con e-child\" data-id=\"256271b\" data-element_type=\"container\" data-e-type=\"container\">\n\t\t\t\t<div class=\"elementor-element elementor-element-9c0ba97 elementor-widget elementor-widget-heading\" data-id=\"9c0ba97\" data-element_type=\"widget\" data-e-type=\"widget\" data-widget_type=\"heading.default\">\n\t\t\t\t\t<h1 class=\"elementor-heading-title elementor-size-default\">Datenschutzrichtlinie<\/h1>\t\t\t\t<\/div>\n\t\t\t\t<div class=\"elementor-element elementor-element-430caea elementor-widget elementor-widget-text-editor\" data-id=\"430caea\" data-element_type=\"widget\" data-e-type=\"widget\" data-widget_type=\"text-editor.default\">\n\t\t\t\t\t\t\t\t\t<p class=\"p1\">Diese Datenschutzerkl\u00e4rung (im Folgenden die \u201eRichtlinie\u201c) regelt die Verarbeitung personenbezogener Daten durch den Real Club Deportivo Mallorca, S.A.D. (im Folgenden der \u201eClub\u201c, \u201eRCD Mallorca\u201c oder der \u201eVerantwortliche\u201c) \u00fcber die Website des ESA Mallorca Football Park (die \u201ePlattform\u201c oder die \u201eWebsite\u201c).<\/p><p class=\"p1\">Indem Sie Ihre Daten zur Kontaktaufnahme, Informationsanfrage oder gegebenenfalls zur Anmeldung f\u00fcr Mitteilungen des Mallorca Football Park zur Verf\u00fcgung stellen, werden diese vom Club als Verantwortlicher f\u00fcr die Verarbeitung gem\u00e4\u00df den geltenden Vorschriften, einschlie\u00dflich der Verordnung (EU) 2016\/679 (\u201eDSGVO\u201c) und dem LOPDGDD, behandelt.<\/p>\t\t\t\t\t\t\t\t<\/div>\n\t\t\t\t<\/div>\n\t\t<div class=\"elementor-element elementor-element-34c62e3 e-con-full e-flex e-con e-child\" data-id=\"34c62e3\" data-element_type=\"container\" data-e-type=\"container\">\n\t\t\t\t<div class=\"elementor-element elementor-element-9cd0fe1 elementor-widget elementor-widget-heading\" data-id=\"9cd0fe1\" data-element_type=\"widget\" data-e-type=\"widget\" data-widget_type=\"heading.default\">\n\t\t\t\t\t<h2 class=\"elementor-heading-title elementor-size-default\">1. Wer ist f\u00fcr die Verarbeitung verantwortlich?\n<\/h2>\t\t\t\t<\/div>\n\t\t\t\t<div class=\"elementor-element elementor-element-c60ecf7 elementor-widget elementor-widget-text-editor\" data-id=\"c60ecf7\" data-element_type=\"widget\" data-e-type=\"widget\" data-widget_type=\"text-editor.default\">\n\t\t\t\t\t\t\t\t\t<p class=\"p4\"><b>Real Club Deportivo Mallorca, S.A.D.<\/b><b><\/b><\/p><p class=\"p1\">CIF: A07323736<\/p><p class=\"p1\">Adresse: C\/ Cam\u00ed dels Reis s\/n, 07011, Palma de Mallorca (Espa\u00f1a)<\/p><p class=\"p1\">Allgemeine Kontakt-E-Mail: mallorcafootballpark@rcdmallorca.es<br><span class=\"s1\"><\/span><\/p><p class=\"p1\">Datenschutzbeauftragter (DSB): datos@rcdmallorca.es<\/p><p class=\"p1\">Wenn Sie Fragen zu dieser Richtlinie oder zu einem Aspekt im Zusammenhang mit dem Datenschutz haben, k\u00f6nnen Sie sich schriftlich an den Datenschutzbeauftragten unter datos@rcdmallorca.es wenden.<\/p>\t\t\t\t\t\t\t\t<\/div>\n\t\t\t\t<\/div>\n\t\t<div class=\"elementor-element elementor-element-c41fe5f e-con-full e-flex e-con e-child\" data-id=\"c41fe5f\" data-element_type=\"container\" data-e-type=\"container\">\n\t\t\t\t<div class=\"elementor-element elementor-element-dcaae02 elementor-widget elementor-widget-heading\" data-id=\"dcaae02\" data-element_type=\"widget\" data-e-type=\"widget\" data-widget_type=\"heading.default\">\n\t\t\t\t\t<h2 class=\"elementor-heading-title elementor-size-default\">2. Welche Daten verarbeiten wir und woher stammen sie?\n<\/h2>\t\t\t\t<\/div>\n\t\t\t\t<div class=\"elementor-element elementor-element-a2e6098 elementor-widget elementor-widget-text-editor\" data-id=\"a2e6098\" data-element_type=\"widget\" data-e-type=\"widget\" data-widget_type=\"text-editor.default\">\n\t\t\t\t\t\t\t\t\t<ul><li><p class=\"p1\">Daten, die Sie uns in den Formularen der Website (z. B. Vor- und Nachname, Unternehmen, E-Mail, Telefonnummer, Nachricht) und gegebenenfalls bei der Anmeldung f\u00fcr Mitteilungen des Mallorca Football Park zur Verf\u00fcgung stellen. <\/p><\/li><li><p class=\"p1\">Daten, die aus der Nutzung der Website abgeleitet werden (essentielle Telemetrie, technische Kennungen, Serverprotokolle, grundlegende Interaktion mit Formularen und Kommunikationsvorg\u00e4ngen \u2013 z. B. E-Mail-\u00d6ffnungen\/Klicks bei Anmeldung).<\/p><\/li><li><p class=\"p1\">Drittanbieterintegrationen, die wir auf der Website nutzen (z. B. Anbieter f\u00fcr Transaktions- oder Marketing-E-Mails, E-Mail-Validierung). In solchen F\u00e4llen werden nur die Daten weitergegeben, die unbedingt erforderlich sind, um den Dienst bereitzustellen. <\/p><\/li><\/ul><p class=\"p1\">Eingebettete Videos (YouTube): Wenn Sie eingebettete Inhalte von YouTube abrufen, ist der Wiedergabedienstanbieter Google Ireland Limited. Wir empfehlen Ihnen, deren Datenschutzrichtlinie zu lesen. <\/p><p class=\"p1\">Anmeldung mit LaLiga (falls aktiviert): Wenn Sie sich zuk\u00fcnftig mit Ihrem LaLiga-Konto registrieren k\u00f6nnen, erhalten wir m\u00f6glicherweise die von Ihnen autorisierten Daten von LaLiga (z. B. E-Mail-Adresse und optional Vorname, Nachname, Telefonnummer, Geburtsdatum, Geschlecht, Ort\/Bundesland\/Land). Diese Funktion wird Ihnen bei der Datenerfassung deutlich angezeigt und ist optional. <\/p>\t\t\t\t\t\t\t\t<\/div>\n\t\t\t\t<\/div>\n\t\t<div class=\"elementor-element elementor-element-1a46f7c e-con-full e-flex e-con e-child\" data-id=\"1a46f7c\" data-element_type=\"container\" data-e-type=\"container\">\n\t\t\t\t<div class=\"elementor-element elementor-element-8a5410a elementor-widget elementor-widget-heading\" data-id=\"8a5410a\" data-element_type=\"widget\" data-e-type=\"widget\" data-widget_type=\"heading.default\">\n\t\t\t\t\t<h2 class=\"elementor-heading-title elementor-size-default\">3. Zu welchen Zwecken verarbeiten wir Ihre Daten?\n<\/h2>\t\t\t\t<\/div>\n\t\t\t\t<div class=\"elementor-element elementor-element-683acba elementor-widget elementor-widget-text-editor\" data-id=\"683acba\" data-element_type=\"widget\" data-e-type=\"widget\" data-widget_type=\"text-editor.default\">\n\t\t\t\t\t\t\t\t\t<p class=\"p4\"><b>Hauptzwecke<\/b><b><\/b><\/p><ol start=\"1\"><li><p class=\"p1\">Bearbeitung Ihrer Anfragen (Kontakt, kommerzielle Informationen und\/oder Beitritt zum Mallorca Football Park) und Verwaltung der damit verbundenen Mitteilungen.<\/p><\/li><li><p class=\"p1\">Verwaltung Ihres Abonnements f\u00fcr Mitteilungen des Mallorca Football Park (falls Sie sich anmelden): Zusendung von Neuigkeiten, Veranstaltungen, Aufrufen, Informationsnotizen und relevanten Inhalten f\u00fcr Unternehmen und Partner.<\/p><\/li><\/ol><p class=\"p4\"><b>Zus\u00e4tzliche Zwecke (sofern Sie diese aktivieren\/akzeptieren)<\/b><b><\/b><\/p><p class=\"p1\">3) Kommerzielle Mitteilungen des Clubs (E-Mail, SMS oder Instant Messaging) \u00fcber Aktivit\u00e4ten, Veranstaltungen, Produkte\/Dienstleistungen, Wettbewerbe, Angebote, Verlosungen und\/oder Aktionen des Clubs oder in Zusammenarbeit mit Sponsoren des Clubs.<\/p><p class=\"p1\">4) Einfache Segmentierungen zur Anpassung der Kommunikation (z. B. nach Alter oder Provinz).<\/p><p class=\"p1\">5) Detailliertere Clubprofile (nur mit Ihrer Zustimmung): Personalisierung von Erlebnissen und Inhalten in der Clubkommunikation und in Clubressourcen, Messung der Leistung einzelner Kampagnen, Optimierung\/Ausschluss abgeschlossener Kampagnen, Zielgruppenansprache, Bewertung der Kaufbereitschaft und Retargeting in Club- oder Drittanbieterumgebungen.<\/p>\t\t\t\t\t\t\t\t<\/div>\n\t\t\t\t<\/div>\n\t\t<div class=\"elementor-element elementor-element-7be2847 e-con-full e-flex e-con e-child\" data-id=\"7be2847\" data-element_type=\"container\" data-e-type=\"container\">\n\t\t\t\t<div class=\"elementor-element elementor-element-ff83a46 elementor-widget elementor-widget-heading\" data-id=\"ff83a46\" data-element_type=\"widget\" data-e-type=\"widget\" data-widget_type=\"heading.default\">\n\t\t\t\t\t<h2 class=\"elementor-heading-title elementor-size-default\">4. Auf welcher Rechtsgrundlage erfolgt die Verarbeitung?\n<\/h2>\t\t\t\t<\/div>\n\t\t\t\t<div class=\"elementor-element elementor-element-b94420b elementor-widget elementor-widget-text-editor\" data-id=\"b94420b\" data-element_type=\"widget\" data-e-type=\"widget\" data-widget_type=\"text-editor.default\">\n\t\t\t\t\t\t\t\t\t<ul><li><p class=\"p1\">Erf\u00fcllung eines vorvertraglichen oder vertraglichen Verh\u00e4ltnisses (Art. 6 Abs. 1 lit. b DSGVO): Bearbeitung Ihrer Informations-\/Kontaktanfrage und Verwaltung Ihrer Mitgliedschaft oder Ihres Interesses am Business Club. <\/p><\/li><li><p class=\"p1\">Berechtigtes Interesse (Art. 6 Abs. 1 lit. f DSGVO): einfache Segmentierungen zur Verbesserung der Relevanz der Business-Club-Kommunikation (Bewertung anhand eines Gewichtungstests, der auf Anfrage unter datos@rcdmallorca.es erh\u00e4ltlich ist). Sie k\u00f6nnen jederzeit widersprechen.  <\/p><\/li><li><p class=\"p1\">Einwilligung (Art. 6 Abs. 1 lit. a DSGVO): Abonnement von Club-Marketingmitteilungen und Erstellung umfassender Profile; Nutzung von Kan\u00e4len wie SMS\/WhatsApp; Einbindung in personalisierte Marketingkampagnen; nicht-technische Cookies (siehe Cookie-Richtlinie). Sie k\u00f6nnen Ihre Einwilligung jederzeit widerrufen, ohne dass die Rechtm\u00e4\u00dfigkeit Ihrer Einwilligung vor dem Widerruf ber\u00fchrt wird.  <\/p><\/li><\/ul>\t\t\t\t\t\t\t\t<\/div>\n\t\t\t\t<\/div>\n\t\t<div class=\"elementor-element elementor-element-5f6d145 e-con-full e-flex e-con e-child\" data-id=\"5f6d145\" data-element_type=\"container\" data-e-type=\"container\">\n\t\t\t\t<div class=\"elementor-element elementor-element-aec57c3 elementor-widget elementor-widget-heading\" data-id=\"aec57c3\" data-element_type=\"widget\" data-e-type=\"widget\" data-widget_type=\"heading.default\">\n\t\t\t\t\t<h2 class=\"elementor-heading-title elementor-size-default\">5. Wie lange werden wir Ihre Daten speichern?\n<\/h2>\t\t\t\t<\/div>\n\t\t\t\t<div class=\"elementor-element elementor-element-79f4520 elementor-widget elementor-widget-text-editor\" data-id=\"79f4520\" data-element_type=\"widget\" data-e-type=\"widget\" data-widget_type=\"text-editor.default\">\n\t\t\t\t\t\t\t\t\t<ul>\n<li>\n<p class=\"p1\">Bearbeitung von Anfragen\/Kontakten\/Einhaltung: w\u00e4hrend der Dauer der Bearbeitung und nach deren Abschluss w\u00e4hrend der gesetzlichen Verj\u00e4hrungsfristen (gesperrt).<\/p>\n<\/li>\n<li>\n<p class=\"p1\">Mitteilungen des Mallorca Football Park: bis zur Abmeldung oder zum Widerruf der Einwilligung; danach f\u00fcr die Dauer der geltenden Verj\u00e4hrungsfristen (Sperrung).<\/p>\n<\/li>\n<li>\n<p class=\"p1\">Einfache Segmentierungen (berechtigtes Interesse): solange Sie nicht widersprechen und der Zweck fortbesteht; danach Sperrung f\u00fcr gesetzliche Fristen.<\/p>\n<\/li>\n<li>\n<p class=\"p1\">Umfassendes Profiling (Einwilligung): solange Sie Ihre Einwilligung nicht widerrufen und der Zweck fortbesteht; danach Sperrung f\u00fcr gesetzliche Fristen.<\/p>\n<\/li>\n<\/ul>\n<p class=\"p1\">Nach Ablauf der Aufbewahrungs-\/Sperrfristen werden die Daten sicher gel\u00f6scht.<\/p>\t\t\t\t\t\t\t\t<\/div>\n\t\t\t\t<\/div>\n\t\t<div class=\"elementor-element elementor-element-53bed17 e-con-full e-flex e-con e-child\" data-id=\"53bed17\" data-element_type=\"container\" data-e-type=\"container\">\n\t\t\t\t<div class=\"elementor-element elementor-element-3b19256 elementor-widget elementor-widget-heading\" data-id=\"3b19256\" data-element_type=\"widget\" data-e-type=\"widget\" data-widget_type=\"heading.default\">\n\t\t\t\t\t<h2 class=\"elementor-heading-title elementor-size-default\">6. An welche Empf\u00e4nger werden die Daten \u00fcbermittelt?\n<\/h2>\t\t\t\t<\/div>\n\t\t\t\t<div class=\"elementor-element elementor-element-c84cf20 elementor-widget elementor-widget-text-editor\" data-id=\"c84cf20\" data-element_type=\"widget\" data-e-type=\"widget\" data-widget_type=\"text-editor.default\">\n\t\t\t\t\t\t\t\t\t<ul><li><p class=\"p1\">Datenverarbeiter, die uns Dienstleistungen erbringen (Hosting, Webseitenpflege, E-Mail-Versandtools und CRM, E-Mail-Verifizierung, aggregierte Analysen, Messaging usw.), mit denen wir die gem\u00e4\u00df Art. 28 DSGVO erforderlichen Vertr\u00e4ge abgeschlossen haben.<\/p><\/li><li><p class=\"p1\">Beh\u00f6rden und \u00f6ffentliche Stellen, wenn eine rechtliche Verpflichtung besteht.<\/p><\/li><\/ul><p class=\"p1\">Ihre Daten werden ohne Ihre Einwilligung nicht an Dritte f\u00fcr deren eigene Zwecke weitergegeben, es sei denn, dies ist gesetzlich vorgeschrieben oder zur Erbringung von von Ihnen angeforderten Dienstleistungen erforderlich.<\/p>\t\t\t\t\t\t\t\t<\/div>\n\t\t\t\t<\/div>\n\t\t<div class=\"elementor-element elementor-element-1509690 e-con-full e-flex e-con e-child\" data-id=\"1509690\" data-element_type=\"container\" data-e-type=\"container\">\n\t\t\t\t<div class=\"elementor-element elementor-element-324db86 elementor-widget elementor-widget-heading\" data-id=\"324db86\" data-element_type=\"widget\" data-e-type=\"widget\" data-widget_type=\"heading.default\">\n\t\t\t\t\t<h2 class=\"elementor-heading-title elementor-size-default\">7. Internationale \u00dcberweisungen\n<\/h2>\t\t\t\t<\/div>\n\t\t\t\t<div class=\"elementor-element elementor-element-b3ca2d5 elementor-widget elementor-widget-text-editor\" data-id=\"b3ca2d5\" data-element_type=\"widget\" data-e-type=\"widget\" data-widget_type=\"text-editor.default\">\n\t\t\t\t\t\t\t\t\t<p class=\"p1\">Wenn wir Anbieter mit Sitz au\u00dferhalb des EWR nutzen (z. B. salesforce.com EMEA Limited f\u00fcr E-Mail-\/CRM-Mailings oder RP Solutions, Inc. f\u00fcr die E-Mail-Verifizierung), werden die \u00dcbermittlungen durch angemessene Mechanismen oder ausreichende Schutzma\u00dfnahmen (z. B. Datenschutzrahmen und\/oder Standardvertragsklauseln) abgedeckt und auf die unbedingt notwendigen Daten beschr\u00e4nkt.  <\/p><p class=\"p1\">Weitere Informationen zu den geltenden Garantien erhalten Sie unter datos@rcdmallorca.es.<\/p>\t\t\t\t\t\t\t\t<\/div>\n\t\t\t\t<\/div>\n\t\t<div class=\"elementor-element elementor-element-d1befac e-con-full e-flex e-con e-child\" data-id=\"d1befac\" data-element_type=\"container\" data-e-type=\"container\">\n\t\t\t\t<div class=\"elementor-element elementor-element-d122e51 elementor-widget elementor-widget-heading\" data-id=\"d122e51\" data-element_type=\"widget\" data-e-type=\"widget\" data-widget_type=\"heading.default\">\n\t\t\t\t\t<h2 class=\"elementor-heading-title elementor-size-default\">8. Welche Rechte haben Sie?<\/h2>\t\t\t\t<\/div>\n\t\t\t\t<div class=\"elementor-element elementor-element-7dc8a99 elementor-widget elementor-widget-text-editor\" data-id=\"7dc8a99\" data-element_type=\"widget\" data-e-type=\"widget\" data-widget_type=\"text-editor.default\">\n\t\t\t\t\t\t\t\t\t<p class=\"p1\">Sie k\u00f6nnen Ihre Rechte auf Auskunft, Berichtigung, L\u00f6schung, Widerspruch, Einschr\u00e4nkung der Verarbeitung, Daten\u00fcbertragbarkeit und das Recht, nicht einer ausschlie\u00dflich auf automatisierten Verfahren beruhenden Entscheidung unterworfen zu werden (einschlie\u00dflich Profiling mit rechtlicher Wirkung oder \u00e4hnlicher erheblicher Beeintr\u00e4chtigung), jederzeit aus\u00fcben:<\/p><ul><li><p class=\"p1\">Per E-Mail an den Datenschutzbeauftragten: datos@rcdmallorca.es<b><\/b><\/p><\/li><li><p class=\"p1\">Geben Sie das Recht an, das Sie aus\u00fcben m\u00f6chten, und weisen Sie Ihre Identit\u00e4t nach.<\/p><\/li><\/ul><p class=\"p4\"><b>Einwilligung und Widerruf:<\/b><b><\/b><\/p><ul><li><p class=\"p1\">Sie k\u00f6nnen Ihre Einwilligung widerrufen und\/oder Ihre Pr\u00e4ferenzen verwalten, indem Sie den in jeder Mitteilung enthaltenen Abmeldelink nutzen, das Abonnementzentrum (sofern verf\u00fcgbar) besuchen oder eine E-Mail an datos@rcdmallorca.es schreiben.<\/p><\/li><\/ul><p class=\"p4\"><b>Beschwerden:<\/b><b><\/b><\/p><ul><li><p class=\"p1\">Sollten Sie mit unserer Leistung nicht zufrieden sein, k\u00f6nnen Sie eine Beschwerde bei der spanischen Datenschutzbeh\u00f6rde (www.aepd.es) einreichen.<\/p><\/li><\/ul>\t\t\t\t\t\t\t\t<\/div>\n\t\t\t\t<\/div>\n\t\t<div class=\"elementor-element elementor-element-81690cb e-con-full e-flex e-con e-child\" data-id=\"81690cb\" data-element_type=\"container\" data-e-type=\"container\">\n\t\t\t\t<div class=\"elementor-element elementor-element-51a9ae4 elementor-widget elementor-widget-heading\" data-id=\"51a9ae4\" data-element_type=\"widget\" data-e-type=\"widget\" data-widget_type=\"heading.default\">\n\t\t\t\t\t<h2 class=\"elementor-heading-title elementor-size-default\">9. Sicherheit\n<\/h2>\t\t\t\t<\/div>\n\t\t\t\t<div class=\"elementor-element elementor-element-2ef6d00 elementor-widget elementor-widget-text-editor\" data-id=\"2ef6d00\" data-element_type=\"widget\" data-e-type=\"widget\" data-widget_type=\"text-editor.default\">\n\t\t\t\t\t\t\t\t\t<p>Wir setzen geeignete technische und organisatorische Ma\u00dfnahmen ein, um ein dem Risiko angemessenes Sicherheitsniveau zu gew\u00e4hrleisten. Dazu geh\u00f6ren die Verwendung von HTTPS (SSL) auf der Website und Zugriffskontrollen, Verschl\u00fcsselung bei der \u00dcbertragung, Ereignisprotokollierung und der Grundsatz der Datenminimierung.<\/p>\t\t\t\t\t\t\t\t<\/div>\n\t\t\t\t<\/div>\n\t\t<div class=\"elementor-element elementor-element-cfe2ca0 e-con-full e-flex e-con e-child\" data-id=\"cfe2ca0\" data-element_type=\"container\" data-e-type=\"container\">\n\t\t\t\t<div class=\"elementor-element elementor-element-7d8928a elementor-widget elementor-widget-heading\" data-id=\"7d8928a\" data-element_type=\"widget\" data-e-type=\"widget\" data-widget_type=\"heading.default\">\n\t\t\t\t\t<h2 class=\"elementor-heading-title elementor-size-default\">10. Minderj\u00e4hrige\n<\/h2>\t\t\t\t<\/div>\n\t\t\t\t<div class=\"elementor-element elementor-element-7979945 elementor-widget elementor-widget-text-editor\" data-id=\"7979945\" data-element_type=\"widget\" data-e-type=\"widget\" data-widget_type=\"text-editor.default\">\n\t\t\t\t\t\t\t\t\t<p>Die Website und die Dienstleistungen des Mallorca Football Park richten sich an Personen \u00fcber 14 Jahre. Sollten wir Registrierungen von Minderj\u00e4hrigen unter 14 Jahren feststellen, werden wir deren L\u00f6schung veranlassen. <\/p>\t\t\t\t\t\t\t\t<\/div>\n\t\t\t\t<\/div>\n\t\t<div class=\"elementor-element elementor-element-1610448 e-con-full e-flex e-con e-child\" data-id=\"1610448\" data-element_type=\"container\" data-e-type=\"container\">\n\t\t\t\t<div class=\"elementor-element elementor-element-10b9339 elementor-widget elementor-widget-heading\" data-id=\"10b9339\" data-element_type=\"widget\" data-e-type=\"widget\" data-widget_type=\"heading.default\">\n\t\t\t\t\t<h2 class=\"elementor-heading-title elementor-size-default\">11. Cookies\n<\/h2>\t\t\t\t<\/div>\n\t\t\t\t<div class=\"elementor-element elementor-element-6ad4a9d elementor-widget elementor-widget-text-editor\" data-id=\"6ad4a9d\" data-element_type=\"widget\" data-e-type=\"widget\" data-widget_type=\"text-editor.default\">\n\t\t\t\t\t\t\t\t\t<p class=\"p1\">Die Verwendung von Cookies und \u00e4hnlichen Technologien wird durch die Cookie-Richtlinie geregelt, in der Sie Ihre Pr\u00e4ferenzen (insbesondere in Bezug auf nicht-technische Cookies) konfigurieren k\u00f6nnen.<\/p>\t\t\t\t\t\t\t\t<\/div>\n\t\t\t\t<\/div>\n\t\t<div class=\"elementor-element elementor-element-463d43e e-con-full e-flex e-con e-child\" data-id=\"463d43e\" data-element_type=\"container\" data-e-type=\"container\">\n\t\t\t\t<div class=\"elementor-element elementor-element-ca30c44 elementor-widget elementor-widget-heading\" data-id=\"ca30c44\" data-element_type=\"widget\" data-e-type=\"widget\" data-widget_type=\"heading.default\">\n\t\t\t\t\t<h2 class=\"elementor-heading-title elementor-size-default\">12. Aktualisierungen der Richtlinien\n<\/h2>\t\t\t\t<\/div>\n\t\t\t\t<div class=\"elementor-element elementor-element-544883e elementor-widget elementor-widget-text-editor\" data-id=\"544883e\" data-element_type=\"widget\" data-e-type=\"widget\" data-widget_type=\"text-editor.default\">\n\t\t\t\t\t\t\t\t\t<p class=\"p1\">Wir k\u00f6nnen diese Richtlinie aktualisieren, um rechtlichen \u00c4nderungen oder \u00c4nderungen der Datenverarbeitung Rechnung zu tragen. Wir werden die jeweils aktuelle Version ver\u00f6ffentlichen und das Datum der letzten Aktualisierung angeben. Wir empfehlen Ihnen, diese Richtlinie regelm\u00e4\u00dfig zu \u00fcberpr\u00fcfen.  <\/p>\t\t\t\t\t\t\t\t<\/div>\n\t\t\t\t<\/div>\n\t\t\t\t<\/div>\n\t\t\t\t\t<\/div>\n\t\t\t\t<\/div>\n\t\t\t\t<\/div>\n\t\t","protected":false},"excerpt":{"rendered":"<p>Datenschutzrichtlinie Diese Datenschutzerkl\u00e4rung (im Folgenden die \u201eRichtlinie\u201c) regelt die Verarbeitung personenbezogener Daten durch den Real Club Deportivo Mallorca, S.A.D. (im Folgenden der \u201eClub\u201c, \u201eRCD Mallorca\u201c oder der \u201eVerantwortliche\u201c) \u00fcber die Website des ESA Mallorca Football Park (die \u201ePlattform\u201c oder die \u201eWebsite\u201c). Indem Sie Ihre Daten zur Kontaktaufnahme, Informationsanfrage oder gegebenenfalls zur Anmeldung f\u00fcr Mitteilungen des [&hellip;]<\/p>\n","protected":false},"author":1,"featured_media":0,"parent":0,"menu_order":0,"comment_status":"closed","ping_status":"closed","template":"elementor_header_footer","meta":{"footnotes":""},"class_list":["post-1015","page","type-page","status-publish","hentry"],"_links":{"self":[{"href":"https:\/\/mallorcafootballpark.com\/de\/wp-json\/wp\/v2\/pages\/1015","targetHints":{"allow":["GET"]}}],"collection":[{"href":"https:\/\/mallorcafootballpark.com\/de\/wp-json\/wp\/v2\/pages"}],"about":[{"href":"https:\/\/mallorcafootballpark.com\/de\/wp-json\/wp\/v2\/types\/page"}],"author":[{"embeddable":true,"href":"https:\/\/mallorcafootballpark.com\/de\/wp-json\/wp\/v2\/users\/1"}],"replies":[{"embeddable":true,"href":"https:\/\/mallorcafootballpark.com\/de\/wp-json\/wp\/v2\/comments?post=1015"}],"version-history":[{"count":4,"href":"https:\/\/mallorcafootballpark.com\/de\/wp-json\/wp\/v2\/pages\/1015\/revisions"}],"predecessor-version":[{"id":2359,"href":"https:\/\/mallorcafootballpark.com\/de\/wp-json\/wp\/v2\/pages\/1015\/revisions\/2359"}],"wp:attachment":[{"href":"https:\/\/mallorcafootballpark.com\/de\/wp-json\/wp\/v2\/media?parent=1015"}],"curies":[{"name":"wp","href":"https:\/\/api.w.org\/{rel}","templated":true}]}}