{"id":1009,"date":"2025-12-02T07:51:04","date_gmt":"2025-12-02T07:51:04","guid":{"rendered":"https:\/\/mallorcafootballpark.com\/cookie-richtlinie\/"},"modified":"2026-02-26T12:15:32","modified_gmt":"2026-02-26T12:15:32","slug":"cookie-richtlinie","status":"publish","type":"page","link":"https:\/\/mallorcafootballpark.com\/de\/cookie-richtlinie\/","title":{"rendered":"Cookie-Richtlinie"},"content":{"rendered":"\t\t<div data-elementor-type=\"wp-page\" data-elementor-id=\"1009\" class=\"elementor elementor-1009 elementor-74\" data-elementor-post-type=\"page\">\n\t\t\t\t<div class=\"elementor-element elementor-element-dc7a9f7 e-flex e-con-boxed e-con e-parent\" data-id=\"dc7a9f7\" data-element_type=\"container\" data-e-type=\"container\" data-settings=\"{&quot;background_background&quot;:&quot;classic&quot;}\">\n\t\t\t\t\t<div class=\"e-con-inner\">\n\t\t<div class=\"elementor-element elementor-element-1926c90 e-con-full e-flex e-con e-child\" data-id=\"1926c90\" data-element_type=\"container\" data-e-type=\"container\">\n\t\t<div class=\"elementor-element elementor-element-3109df6 e-con-full e-flex e-con e-child\" data-id=\"3109df6\" data-element_type=\"container\" data-e-type=\"container\">\n\t\t\t\t<div class=\"elementor-element elementor-element-a141523 elementor-widget elementor-widget-heading\" data-id=\"a141523\" data-element_type=\"widget\" data-e-type=\"widget\" data-widget_type=\"heading.default\">\n\t\t\t\t\t<h1 class=\"elementor-heading-title elementor-size-default\">Cookie-Richtlinie<\/h1>\t\t\t\t<\/div>\n\t\t\t\t<div class=\"elementor-element elementor-element-ea66723 elementor-widget elementor-widget-text-editor\" data-id=\"ea66723\" data-element_type=\"widget\" data-e-type=\"widget\" data-widget_type=\"text-editor.default\">\n\t\t\t\t\t\t\t\t\t<div class=\"sc-15276ccc-5 fGCCno MkGrids__module MkGrids__module--text\"><section class=\"sc-42b0d561-0 iwppwq MkRickText sc-d16ba8f3-0 lphYaF MkModuleText\">\u201eCookies\u201c sind kleine Textdateien, die auf dem Computer des Nutzers gespeichert werden, wenn dieser Webseiten besucht. Die Verwendung dieser Technologie ist f\u00fcr die effizientere Funktionsweise dieser Seiten sehr hilfreich: Wenn ein Benutzer beispielsweise auf der Startseite seine bevorzugte Sprache ausw\u00e4hlt, merkt sich die Website diese Einstellung, und der Benutzer kann die Website in der gew\u00e4hlten Sprache weiter durchsuchen.<p>Cookies lassen sich in \u201eErstanbieter-Cookies\u201c und \u201eDrittanbieter-Cookies\u201c unterteilen:<\/p><p>\u201eErstanbieter-Cookie\u201c: wird vom Datenverantwortlichen erstellt, der die Website betreibt, in diesem Fall RCD MALLORCA als Inhaber der Website \u201emallorcafootballpark.com\u201c. \u201eDrittanbieter-Cookie\u201c: wird von Datenverantwortlichen erstellt, die die vom Nutzer besuchte Website nicht betreiben, d. h. von Drittunternehmen, die nicht mit RCD MALLORCA verbunden sind.<\/p><p>Die Website von RCD MALLORCA verwendet folgende \u201eCookies\u201c:<\/p><\/section><\/div><div class=\"sc-15276ccc-5 fGCCno MkGrids__module MkGrids__module--script\"><section class=\"sc-7d134556-0 kcuxM MkModuleScript__root\"><div class=\"sc-7d134556-1 hghlmI MkModuleScript\"><table class=\"table_responsive tabla_pagina table-bordered\"><tbody><tr><th>Cookie<\/th><th>Zweck<\/th><th>Dauer des &#8222;Cookies&#8220;<\/th><\/tr><tr><td>Sitzungscookie<br>(Erstanbieter-Cookie)<\/td> <td>Wird verwendet, um registrierte Nutzer auf www.rcdmallorca.es zu identifizieren. <\/td><td>L\u00e4uft am Ende der Sitzung ab.<\/td><\/tr><tr><td>Google Analytics<br>(Drittanbieter-Cookie)<\/td> <td>Analyse von Nutzerprofilen, Messung von Zugriffsdaten.<\/td> <td>Google legt die G\u00fcltigkeitsdauer dieser Cookies fest. Sie laufen in der Regel nach einem Monat ab.<\/td><\/tr><\/tbody><\/table><\/div><div id=\"script-1730905883853\"> <\/div><\/section><\/div><div class=\"sc-15276ccc-5 fGCCno MkGrids__module MkGrids__module--text\"><section class=\"sc-42b0d561-0 iwppwq MkRickText sc-d16ba8f3-0 lphYaF MkModuleText\">RCD MALLORCA ist sich bewusst, dass der Nutzer durch das Browsen der Website \u00fcber die Installation der oben genannten \u201eCookies\u201c auf seinem Computer informiert wurde und dieser zustimmt.<p>In jedem Fall kann der Nutzer die Verwendung von \u201eCookies\u201c jederzeit anpassen und die Erfassung von \u201eCookies\u201c verhindern, indem er die Einstellungen seines Browsers \u00e4ndert. Zu den g\u00e4ngigsten Methoden geh\u00f6ren:<\/p><p>1- Mozilla Firefox: Optionen\\Datenschutz\\Tracking\\Websites mitteilen, dass ich nicht getrackt werden m\u00f6chte.<\/p><p>2. Google Chrome: Chrome-Men\u00fc\\Einstellungen\\Erweiterte Einstellungen anzeigen\\Datenschutz\\Inhaltseinstellungen\\Cookies\\Cookies standardm\u00e4\u00dfig blockieren<\/p><p>3. Safari: Einstellungen\\ Datenschutz\\Cookies blockieren<\/p><p>4- Internet Explorer: Extras\\Internetoptionen\\Datenschutz\\Einstellungen\\ Schieben Sie den Regler ganz nach oben, um alle Cookies zu blockieren, oder ganz nach unten, um alle Cookies zuzulassen, und klicken Sie dann auf OK.<\/p><p>Durch das vollst\u00e4ndige Blockieren von \u201eCookies\u201c kann verhindert werden, dass bestimmte Webseiten korrekt angezeigt werden.<\/p><\/section><\/div>\t\t\t\t\t\t\t\t<\/div>\n\t\t\t\t<\/div>\n\t\t\t\t<\/div>\n\t\t\t\t\t<\/div>\n\t\t\t\t<\/div>\n\t\t\t\t<\/div>\n\t\t","protected":false},"excerpt":{"rendered":"<p>Cookie-Richtlinie \u201eCookies\u201c sind kleine Textdateien, die auf dem Computer des Nutzers gespeichert werden, wenn dieser Webseiten besucht. Die Verwendung dieser Technologie ist f\u00fcr die effizientere Funktionsweise dieser Seiten sehr hilfreich: Wenn ein Benutzer beispielsweise auf der Startseite seine bevorzugte Sprache ausw\u00e4hlt, merkt sich die Website diese Einstellung, und der Benutzer kann die Website in der [&hellip;]<\/p>\n","protected":false},"author":1,"featured_media":0,"parent":0,"menu_order":0,"comment_status":"closed","ping_status":"closed","template":"elementor_header_footer","meta":{"footnotes":""},"class_list":["post-1009","page","type-page","status-publish","hentry"],"_links":{"self":[{"href":"https:\/\/mallorcafootballpark.com\/de\/wp-json\/wp\/v2\/pages\/1009","targetHints":{"allow":["GET"]}}],"collection":[{"href":"https:\/\/mallorcafootballpark.com\/de\/wp-json\/wp\/v2\/pages"}],"about":[{"href":"https:\/\/mallorcafootballpark.com\/de\/wp-json\/wp\/v2\/types\/page"}],"author":[{"embeddable":true,"href":"https:\/\/mallorcafootballpark.com\/de\/wp-json\/wp\/v2\/users\/1"}],"replies":[{"embeddable":true,"href":"https:\/\/mallorcafootballpark.com\/de\/wp-json\/wp\/v2\/comments?post=1009"}],"version-history":[{"count":2,"href":"https:\/\/mallorcafootballpark.com\/de\/wp-json\/wp\/v2\/pages\/1009\/revisions"}],"predecessor-version":[{"id":2473,"href":"https:\/\/mallorcafootballpark.com\/de\/wp-json\/wp\/v2\/pages\/1009\/revisions\/2473"}],"wp:attachment":[{"href":"https:\/\/mallorcafootballpark.com\/de\/wp-json\/wp\/v2\/media?parent=1009"}],"curies":[{"name":"wp","href":"https:\/\/api.w.org\/{rel}","templated":true}]}}