{"id":1005,"date":"2025-12-02T07:51:04","date_gmt":"2025-12-02T07:51:04","guid":{"rendered":"https:\/\/mallorcafootballpark.com\/politica-de-cookies\/"},"modified":"2026-02-26T12:14:08","modified_gmt":"2026-02-26T12:14:08","slug":"politica-de-cookies","status":"publish","type":"page","link":"https:\/\/mallorcafootballpark.com\/ca\/politica-de-cookies\/","title":{"rendered":"Pol\u00edtica de Cookies"},"content":{"rendered":"\t\t<div data-elementor-type=\"wp-page\" data-elementor-id=\"1005\" class=\"elementor elementor-1005 elementor-74\" data-elementor-post-type=\"page\">\n\t\t\t\t<div class=\"elementor-element elementor-element-dc7a9f7 e-flex e-con-boxed e-con e-parent\" data-id=\"dc7a9f7\" data-element_type=\"container\" data-e-type=\"container\" data-settings=\"{&quot;background_background&quot;:&quot;classic&quot;}\">\n\t\t\t\t\t<div class=\"e-con-inner\">\n\t\t<div class=\"elementor-element elementor-element-1926c90 e-con-full e-flex e-con e-child\" data-id=\"1926c90\" data-element_type=\"container\" data-e-type=\"container\">\n\t\t<div class=\"elementor-element elementor-element-3109df6 e-con-full e-flex e-con e-child\" data-id=\"3109df6\" data-element_type=\"container\" data-e-type=\"container\">\n\t\t\t\t<div class=\"elementor-element elementor-element-a141523 elementor-widget elementor-widget-heading\" data-id=\"a141523\" data-element_type=\"widget\" data-e-type=\"widget\" data-widget_type=\"heading.default\">\n\t\t\t\t\t<h1 class=\"elementor-heading-title elementor-size-default\">Pol\u00edtica de Cookies<\/h1>\t\t\t\t<\/div>\n\t\t\t\t<div class=\"elementor-element elementor-element-ea66723 elementor-widget elementor-widget-text-editor\" data-id=\"ea66723\" data-element_type=\"widget\" data-e-type=\"widget\" data-widget_type=\"text-editor.default\">\n\t\t\t\t\t\t\t\t\t<div class=\"sc-15276ccc-5 fGCCno MkGrids__module MkGrids__module--text\"><section class=\"sc-42b0d561-0 iwppwq MkRickText sc-d16ba8f3-0 lphYaF MkModuleText\">Les galetes s\u00f3n petits fitxers de text que s&#8217;emmagatzemen a l&#8217;ordinador de l&#8217;usuari quan visiteu llocs web. La utilitzaci\u00f3 \u00e9s molt \u00fatil perqu\u00e8 aquests llocs funcionin d&#8217;una manera m\u00e9s eficient: per exemple, si un usuari selecciona el vostre idioma preferit a la &#8220;home&#8221;, el lloc web recordar\u00e0 aquesta prefer\u00e8ncia i l&#8217;usuari podr\u00e0 continuar navegant pel lloc web en l&#8217;idioma escollit.<p>Les galetes es poden dividir entre &#8220;cookie d&#8217;origen&#8221; i &#8220;cookie de tercers&#8221;:<\/p><p>\u201ccookie d\u2019origen\u201d: creada pel responsable del tractament de dades que opera el Lloc Web, en aquest cas RCD MALLORCA com a titular del lloc web \u201cmallorcafootballpark.com\u201d cookie de tercers\u201d: creada per responsables del tractament de dades que no operen el lloc web visitat per l\u2019usuari, \u00e9s a dir, terceres empreses alienes a RCD MALL.<\/p><p>El Lloc Web de RCD MALLORCA utilitza les seg\u00fcents &#8220;cookies&#8221;:<\/p><\/section><\/div><div class=\"sc-15276ccc-5 fGCCno MkGrids__module MkGrids__module--script\"><section class=\"sc-7d134556-0 kcuxM MkModuleScript__root\"><div class=\"sc-7d134556-1 hghlmI MkModuleScript\"><table class=\"table_responsive tabla_pagina table-bordered\"><tbody><tr>C<th><\/th><th>ookieFinalitatDurada de la <\/th><th>&#8220;cookie&#8221;<\/th><\/tr><tr><td>De sessi\u00f3<br>(cookie d&#8217;origen) <\/td><td>S&#8217;utilitza per identificar els usuaris registrats a www.rcdmallorca.es.<\/td><td>Expira en finalitzar la sessi\u00f3.<\/td><\/tr><tr><td>Google Analytics<br>(cookie de tercers)<\/td><td>An\u00e0lisi de perfils dusuari, mesurament de dades de tr\u00e0nsit.<\/td><td>Google controla el temps dexpiraci\u00f3 daquestes galetes. Normalment solen expirar un mes despr\u00e9s.<\/td><\/tr><\/tbody><\/table><\/div><div id=\"script-1730905883853\"> <\/div><\/section><\/div><div class=\"sc-15276ccc-5 fGCCno MkGrids__module MkGrids__module--text\"><section class=\"sc-42b0d561-0 iwppwq MkRickText sc-d16ba8f3-0 lphYaF MkModuleText\">RCD MALLORCA ent\u00e9n que mitjan\u00e7ant la navegaci\u00f3 de l&#8217;usuari a trav\u00e9s del Lloc Web ha estat informat i consent la instal\u00b7laci\u00f3 de les anteriors &#8220;cookies&#8221; al vostre ordinador.<p>De tota manera, l&#8217;usuari sempre podr\u00e0 personalitzar l&#8217;\u00fas de \u201ccookies\u201d, aix\u00ed com impedir la recopilaci\u00f3 de \u201ccookies\u201d modificant les opcions del navegador del propi usuari, entre els m\u00e9s comuns:<\/p><p>1- Mozilla Firefox: Opcions\\Privadesa\\Rastreig\\dir als llocs web que no vull ser rastrejat.<\/p><p>2- Google Chrome: Men\u00fa de Chrome\\Configuraci\u00f3\\Mostrar opcions avan\u00e7ades\\Privadesa\\Configuraci\u00f3 del contingut\\Cookies\\bloquejar cookies per defecte<\/p><p>3- Safari: Prefer\u00e8ncies\\ Privacitat\\Bloquejar Cookies<\/p><p>4- Internet Explorer: Eines\\Opcions d&#8217;Internet\\Privacitat\\Configuraci\u00f3\\ moveu el control lliscant totalment cap amunt per bloquejar totes les galetes o totalment cap avall per permetre totes les galetes i, a continuaci\u00f3, feu clic a D&#8217;acord.<\/p><p>En bloquejar completament les galetes, pot impedir que certs llocs web es mostrin correctament.<\/p><\/section><\/div>\t\t\t\t\t\t\t\t<\/div>\n\t\t\t\t<\/div>\n\t\t\t\t<\/div>\n\t\t\t\t\t<\/div>\n\t\t\t\t<\/div>\n\t\t\t\t<\/div>\n\t\t","protected":false},"excerpt":{"rendered":"<p>Pol\u00edtica de Cookies Les galetes s\u00f3n petits fitxers de text que s&#8217;emmagatzemen a l&#8217;ordinador de l&#8217;usuari quan visiteu llocs web. La utilitzaci\u00f3 \u00e9s molt \u00fatil perqu\u00e8 aquests llocs funcionin d&#8217;una manera m\u00e9s eficient: per exemple, si un usuari selecciona el vostre idioma preferit a la &#8220;home&#8221;, el lloc web recordar\u00e0 aquesta prefer\u00e8ncia i l&#8217;usuari podr\u00e0 [&hellip;]<\/p>\n","protected":false},"author":1,"featured_media":0,"parent":0,"menu_order":0,"comment_status":"closed","ping_status":"closed","template":"elementor_header_footer","meta":{"footnotes":""},"class_list":["post-1005","page","type-page","status-publish","hentry"],"_links":{"self":[{"href":"https:\/\/mallorcafootballpark.com\/ca\/wp-json\/wp\/v2\/pages\/1005","targetHints":{"allow":["GET"]}}],"collection":[{"href":"https:\/\/mallorcafootballpark.com\/ca\/wp-json\/wp\/v2\/pages"}],"about":[{"href":"https:\/\/mallorcafootballpark.com\/ca\/wp-json\/wp\/v2\/types\/page"}],"author":[{"embeddable":true,"href":"https:\/\/mallorcafootballpark.com\/ca\/wp-json\/wp\/v2\/users\/1"}],"replies":[{"embeddable":true,"href":"https:\/\/mallorcafootballpark.com\/ca\/wp-json\/wp\/v2\/comments?post=1005"}],"version-history":[{"count":2,"href":"https:\/\/mallorcafootballpark.com\/ca\/wp-json\/wp\/v2\/pages\/1005\/revisions"}],"predecessor-version":[{"id":2471,"href":"https:\/\/mallorcafootballpark.com\/ca\/wp-json\/wp\/v2\/pages\/1005\/revisions\/2471"}],"wp:attachment":[{"href":"https:\/\/mallorcafootballpark.com\/ca\/wp-json\/wp\/v2\/media?parent=1005"}],"curies":[{"name":"wp","href":"https:\/\/api.w.org\/{rel}","templated":true}]}}